{"id":2023,"date":"2023-10-27T09:12:06","date_gmt":"2023-10-27T09:12:06","guid":{"rendered":"https:\/\/ancora.cat\/?page_id=2023"},"modified":"2023-10-27T09:12:40","modified_gmt":"2023-10-27T09:12:40","slug":"politica-de-privacitat","status":"publish","type":"page","link":"https:\/\/ancora.cat\/?page_id=2023","title":{"rendered":"Pol\u00edtica de Privacitat"},"content":{"rendered":"\n<p><strong>Pol\u00edtica de Confidencialitat i Protecci\u00f3 de Dades<\/strong><\/p>\n\n\n\n<p>La&nbsp;<strong>CAMBRA DE COMER\u00c7 DE ST. FELIU DE GUIXOLS<\/strong>, esta compromesa amb la deguda dilig\u00e8ncia i compliment de la normativa de protecci\u00f3 de dades.<\/p>\n\n\n\n<p>En virtut de l\u2019establert, a continuaci\u00f3, la CAMBRA DE COMER\u00c7 DE ST. FELIU DE GUIXOLS facilita la seva Pol\u00edtica de Confidencialitat i Protecci\u00f3 de Dades en compliment de l\u2019establert en el l\u2019article 13 del Reglamento (UE) 2016\/679 del Parlamento Europeo i del Consell, de 27 de abril de 2016, relatiu a la protecci\u00f3 de les persones f\u00edsiques pel que respecte al tractament de dades personals i a la lliure circulaci\u00f3 d\u2019aquestes dades (Reglament general de protecci\u00f3 de dades o RGPD).<\/p>\n\n\n\n<p>La present Pol\u00edtica de Confidencialitat i Protecci\u00f3 de Dades es de aplicaci\u00f3 a les seg\u00fcents p\u00e0gines web titularitat de la&nbsp;<strong>CAMBRA DE COMER\u00c7 DE ST. FELIU DE GUIXOLS:<\/strong><\/p>\n\n\n\n<ul class=\"wp-block-list\">\n<li><a href=\"https:\/\/www.cambrastfeliu.com\/\">https:\/\/www.cambrastfeliu.com\/<\/a><\/li>\n\n\n\n<li><a href=\"http:\/\/www.ancora.cat\/\">http:\/\/www.ancora.cat\/<\/a><\/li>\n\n\n\n<li><a href=\"http:\/\/www.bancdenegocis.com\/\">http:\/\/www.bancdenegocis.com<\/a><\/li>\n\n\n\n<li><a href=\"https:\/\/espaidelrellotge.com\/\">https:\/\/espaidelrellotge.com\/<\/a><\/li>\n<\/ul>\n\n\n\n<p><strong>Dades del Responsable del Tractament, del Responsable de protecci\u00f3 de dades (DPD) i del Canal de Protecci\u00f3 de Dades<\/strong><\/p>\n\n\n\n<ul class=\"wp-block-list\">\n<li><strong>Identitat<\/strong>:&nbsp;<strong>CAMBRA DE COMER\u00c7 DE ST. FELIU DE GUIXOLS<\/strong><\/li>\n\n\n\n<li><strong>Direcci\u00f3\/C. P:<\/strong>Passeig del Mar, 40, 17220, SANT FELIU DE GUIXOLS (Girona)<\/li>\n\n\n\n<li><strong>Tel\u00e8fon:<\/strong>&nbsp;972320884<\/li>\n\n\n\n<li><strong>E-mail:<\/strong><a href=\"mailto:info@cambrastfeliu.com\">info@cambrastfeliu.com<\/a><\/li>\n\n\n\n<li><strong>Dades del Responsable Protecci\u00f3 Dades:&nbsp;<\/strong><strong>CAMBRA DE COMER\u00c7 DE ST. FELIU DE GUIXOLS<\/strong>&nbsp;t\u00e9 designat un Responsable de Protecci\u00f3 de Dades, a qui es podr\u00e0 dirigir per resoldre qualsevol q\u00fcesti\u00f3 sobre aquesta normativa i amb qui podr\u00e0 contactar en la seg\u00fcent direcci\u00f3 electr\u00f2nica: lopd@cambrastfeliu.com<\/li>\n\n\n\n<li><strong>Canal de Protecci\u00f3 de Dades:<\/strong>&nbsp;dataprotect-line.com\/cambra-st-feliu-guixols<\/li>\n<\/ul>\n\n\n\n<p><strong>Deure d\u2019Informaci\u00f3 i Consentiment<\/strong><\/p>\n\n\n\n<p>Mitjan\u00e7ant l\u2019acceptaci\u00f3 de la present&nbsp;<strong>Pol\u00edtica de Protecci\u00f3 de Dades<\/strong>, l\u2019usuari queda informat i &nbsp;presta el seu consentiment lliure, espec\u00edfic i inequ\u00edvoc perqu\u00e8 les dades personals que faciliti per qualsevol mitj\u00e0 (web, formularis, contractes, etc.) siguin incorporats en els sup\u00f2sits que resulti necessari, a les Bases de Dades de la&nbsp;<strong>CAMBRA DE COMER\u00c7 DE ST. FELIU DE GUIXOLS<\/strong>&nbsp;amb la finalitat de prestar correctament els serveis sol\u00b7licitats o contractats, aix\u00ed com pel compliment amb altres sol\u00b7licituds d\u2019informaci\u00f3 realitzada per les persones interessades..<\/p>\n\n\n\n<p><strong>Finalitats del tractament<\/strong><\/p>\n\n\n\n<p>La&nbsp;<strong>CAMBRA DE COMER\u00c7 DE ST. FELIU DE GUIXOLS<\/strong>&nbsp;tractar\u00e0 la informaci\u00f3 que ens proporcionen les persones interessades amb les seg\u00fcents finalitats:<\/p>\n\n\n\n<ul class=\"wp-block-list\">\n<li><strong>Gestionar qualsevol tipus de sol\u00b7licitud, sugger\u00e8ncia o petici\u00f3<\/strong>&nbsp;sobre els serveis que prestem.<\/li>\n\n\n\n<li><strong>Prestar els serveis contractats,&nbsp;<\/strong>en concret per:\n<ul class=\"wp-block-list\">\n<li>Tramitaci\u00f3 de certificats d\u2019origen i certificats digitals<\/li>\n\n\n\n<li>Analitzar la situaci\u00f3 i caracter\u00edstiques de la seva activitat professional o la de la seva entitat per dissenyar i prestar la millor soluci\u00f3 asseguradora.<\/li>\n\n\n\n<li>Assessorar en mat\u00e8ria laboral, fiscal i comptable.<\/li>\n\n\n\n<li>Prestar serveis de formaci\u00f3 cursos i seminaris, de duracions i tem\u00e0tiques molt diverses.<\/li>\n\n\n\n<li>Organitzar i realitzar esdeveniments relacionats amb el sector.<\/li>\n\n\n\n<li>Avaluar el nivell d\u2019atenci\u00f3, tracte i pres\u00e8ncia que ofereix el personal de venta de un establiment als seus clients, quan aquest servei de \u201cmistery shopping\u201d es contracti pel soci.<\/li>\n\n\n\n<li>Confecci\u00f3 de bases de dades que contenen un llistat dels empresaris individuals i societats mercantils existents en Espa\u00f1a<\/li>\n\n\n\n<li>Posar en contacte als professionals prove\u00efdores de serveis amb els que col\u00b7laborem amb els usuaris que sol\u00b7liciten informaci\u00f3 sobre els mateixos.<\/li>\n<\/ul>\n<\/li>\n<\/ul>\n\n\n\n<p>Per el bon fi i desenvolupament de la seva atenci\u00f3 i gesti\u00f3 de les finalitats anteriors, el titular consent el tractament de les dades pels fins anteriors, tot aix\u00f2 sota el m\u00e9s estricte compliment de la normativa de Protecci\u00f3 de Dades i la pol\u00edtica que li estem detallant. En qualsevol moment podr\u00e0 exercitar els seus drets a trav\u00e9s del Canal de Protecci\u00f3 de Dades d\u2019aquesta Cambra de Comer\u00e7.<\/p>\n\n\n\n<p><strong>Criteris de conservaci\u00f3 de les dades<\/strong><\/p>\n\n\n\n<ul class=\"wp-block-list\">\n<li><strong>Gestionar sol\u00b7licituds, sugger\u00e8ncies o peticions:<\/strong>&nbsp;les dades de car\u00e0cter personal seran conservades durant el temps que sigui necessari per portar a cap les gestions i proporcionar la informaci\u00f3 al usuari.<\/li>\n\n\n\n<li><strong>En relaci\u00f3 als serveis contractats,&nbsp;<\/strong>les dades personals seran conservades durant la vig\u00e8ncia de la relaci\u00f3 contractual, encara quan no tingui serveis actius i no hagi sol\u00b7licitat la finalitzaci\u00f3 del contracte. Una vegada finalitzi el contracte, conservarem les seves dades respectant els terminis senyalats per la llei i, si no hi ha requisit legal que ens ho impedeixi destruirem o anonimitzarem les dades.<\/li>\n<\/ul>\n\n\n\n<p><strong>Legitimaci\u00f3<\/strong><\/p>\n\n\n\n<p>La base legal que habilita a&nbsp;<strong>CAMBRA DE COMER\u00c7 DE ST. FELIU DE GUIXOLS<\/strong>&nbsp;per poder tractar les dades de car\u00e0cter personal, dels usuaris, socis, empleats de socis i persones interessades es basa en els seg\u00fcents t\u00edtols:<\/p>\n\n\n\n<ul class=\"wp-block-list\">\n<li>La subscripci\u00f3 del soci dels nostres serveis: consultoria laboral, fiscal i comptable, formaci\u00f3, etc.<\/li>\n\n\n\n<li>El consentiment dels afectats per la tramitaci\u00f3 i gesti\u00f3 de qualsevols sol\u00b7licitud d\u2019informaci\u00f3 o consulta sobre els nostres serveis.<\/li>\n<\/ul>\n\n\n\n<p><strong>Destinataris<\/strong><\/p>\n\n\n\n<p>La CAMBRA DE COMER\u00c7 DE ST. FELIU DE GUIXOLS amb norma general no cedeix dades de car\u00e0cter personal excepte pels casos en els que sigui estrictament necessari per la prestaci\u00f3 d\u2019un servei als nostres socis o a qualsevol altre usuari que ho sol\u00b7liciti, en concret:<\/p>\n\n\n\n<ul class=\"wp-block-list\">\n<li>A professionals quan l\u2019usuari sol\u00b7liciti informaci\u00f3 sobre els seus serveis mitjan\u00e7ant la nostra p\u00e0gina web&nbsp;<a href=\"http:\/\/www.bancdenegocis.com\/\">http:\/\/www.bancdenegocis.com<\/a>.<\/li>\n\n\n\n<li>A entitats asseguradores quan es sol\u00b7liciti informaci\u00f3 o es contracti assegurances.<\/li>\n\n\n\n<li>Les entitats del sector p\u00fablic quan la seva intervenci\u00f3 sigui necess\u00e0ria per la correcta formalitzaci\u00f3 del Certificat Digital.<\/li>\n<\/ul>\n\n\n\n<p>Fora d\u2019aquests sup\u00f2sits, no es cedeixen dades de car\u00e0cter personal a tercers, excepte disposici\u00f3 legal. Tampoc es realitzen transfer\u00e8ncies Internacionales de dades a tercers pa\u00efsos.<\/p>\n\n\n\n<p><strong>Proced\u00e8ncia<\/strong><\/p>\n\n\n\n<p>Les dades de car\u00e0cter personal s\u2019obtenen directament de les persones interessades, dels nostres socis que pr\u00e8viament han de complir amb el deure d\u2019informar als afectats i als nostres col\u00b7laboradors.<\/p>\n\n\n\n<p>Les categories de dades de car\u00e0cter personal que ens proporciona els nostres col\u00b7laboradors son les seg\u00fcents:<\/p>\n\n\n\n<ul class=\"wp-block-list\">\n<li>Dades d\u2019identificaci\u00f3.<\/li>\n\n\n\n<li>Direccions postals o electr\u00f2niques.<\/li>\n\n\n\n<li>Qualsevol altre dada consentida pel titular en virtut del contracte que vincula a les parts pel desenvolupament de la prestaci\u00f3 dels serveis requerits.<\/li>\n<\/ul>\n\n\n\n<p><strong>Drets<\/strong><\/p>\n\n\n\n<p><strong>Dret d\u2019Acc\u00e9s, Rectificaci\u00f3 i Supressi\u00f3:<\/strong>&nbsp;les persones interessades tenen dret a obtenir confirmaci\u00f3 sobre si, en la&nbsp;<strong>CAMBRA DE COMER\u00c7 DE ST. FELIU DE GUIXOLS<\/strong>&nbsp;estem tractant dades personals que els concerneixin, o no. Les persones interessades tenen dret a accedir a les seves dades personals, aix\u00ed com a sol\u00b7licitar la rectificaci\u00f3 de les dades inexactes o, en el seu cas, sol\u00b7licitar la supressi\u00f3 quan, entre altres motius, les dades ja no siguin necess\u00e0ries per als fins que van ser recollides.<\/p>\n\n\n\n<p><strong>Dret a la Limitaci\u00f3 i Oposici\u00f3:<\/strong>&nbsp;en determinades circumst\u00e0ncies, els interessats podran sol\u00b7licitar la limitaci\u00f3 del tractament de les seves dades, en aquest cas \u00fanicament les conservarem per l\u2019exercici o la defensa de reclamacions. En determinades circumst\u00e0ncies i, por motius relacionats amb la seva situaci\u00f3 particular, els interessats podran oposar-se al tractament de els seves dades. La&nbsp;<strong>CAMBRA DE COMER\u00c7 DE ST. FELIU DE GUIXOLS<\/strong>&nbsp;deixar\u00e0 de tractar les dades en este sup\u00f2sit, excepte per motius leg\u00edtims imperiosos, o per l\u2019exercici o la defensa de possibles reclamacions.<\/p>\n\n\n\n<p>Aquests drets podran ser exercitats en el seg\u00fcent enlla\u00e7: www.dataprotect-line.com\/cambra-st-feliu-guixols<\/p>\n\n\n\n<p><strong>Canal de Comunicaci\u00f3<\/strong><\/p>\n\n\n\n<p>La&nbsp;<strong>CAMBRA DE COMER\u00c7 DE ST. FELIU DE GUIXOLS<\/strong>&nbsp;ha implementat un Canal de Protecci\u00f3 de Dades, contemplant el m\u00e9s alt comprom\u00eds, rigor i professionalitat en mat\u00e8ria de seguretat, experi\u00e8ncia, independ\u00e8ncia i coneixement en el tractament de les comunicacions rebudes.<\/p>\n\n\n\n<p>El Canal de protecci\u00f3 de dades, s\u2019ha instrumentat a trav\u00e9s d\u2019una plataforma web, desenvolupada i gestionada por experts externs independents, per aportar-i&nbsp; garantir els nostres compromisos anteriors.<\/p>\n\n\n\n<p>A trav\u00e9s del Canal de Protecci\u00f3 de Dades, podr\u00e0 comunicar i tramitar l\u2019exercici dels seus &nbsp;Drets (veure apartat anterior), i comunicar qualsevol indici o coneixement que tingu\u00e9s de possibles violacions (bretxes) de seguretat i\/o de possibles incompliments o irregularitats sobre la normativa de protecci\u00f3 de dades o la present pol\u00edtica de la Entitat.<\/p>\n\n\n\n<p>Les dades d\u2019acc\u00e9s al canal es detallen a l\u2019inicio de la present pol\u00edtica<\/p>\n\n\n\n<p><strong>Actualitzacions i modificacions&nbsp;<\/strong><\/p>\n\n\n\n<p>La&nbsp;<strong>CAMBRA DE COMER\u00c7 DE ST. FELIU DE GUIXOLS<\/strong>&nbsp;es reserva el dret de modificar i\/o actualitzar la informaci\u00f3 sobre protecci\u00f3 de dades, quan sigui necessari pel correcte compliment del Reglament de Protecci\u00f3 de Dades. Si es produ\u00eds alguna modificaci\u00f3, el nou text ser\u00e0 publicat en aquesta p\u00e0gina, on podr\u00e0 tenir acc\u00e9s a la pol\u00edtica actual. En cada cas, la relaci\u00f3 amb els usuaris es regir\u00e0 per les normes previstes en el moment prec\u00eds en que s\u2019accedeixi al lloc web.<\/p>\n","protected":false},"excerpt":{"rendered":"<p>Pol\u00edtica de Confidencialitat i Protecci\u00f3 de Dades La&nbsp;CAMBRA DE COMER\u00c7 DE ST. FELIU DE GUIXOLS, esta compromesa amb la deguda dilig\u00e8ncia i compliment de la normativa de protecci\u00f3 de dades. En virtut de l\u2019establert, a continuaci\u00f3, la CAMBRA DE COMER\u00c7 DE ST. FELIU DE GUIXOLS facilita la seva Pol\u00edtica de Confidencialitat i Protecci\u00f3 de Dades [&hellip;]<\/p>\n","protected":false},"author":1,"featured_media":0,"parent":0,"menu_order":0,"comment_status":"closed","ping_status":"closed","template":"","meta":{"footnotes":""},"class_list":["post-2023","page","type-page","status-publish"],"_links":{"self":[{"href":"https:\/\/ancora.cat\/index.php?rest_route=\/wp\/v2\/pages\/2023","targetHints":{"allow":["GET"]}}],"collection":[{"href":"https:\/\/ancora.cat\/index.php?rest_route=\/wp\/v2\/pages"}],"about":[{"href":"https:\/\/ancora.cat\/index.php?rest_route=\/wp\/v2\/types\/page"}],"author":[{"embeddable":true,"href":"https:\/\/ancora.cat\/index.php?rest_route=\/wp\/v2\/users\/1"}],"replies":[{"embeddable":true,"href":"https:\/\/ancora.cat\/index.php?rest_route=%2Fwp%2Fv2%2Fcomments&post=2023"}],"version-history":[{"count":1,"href":"https:\/\/ancora.cat\/index.php?rest_route=\/wp\/v2\/pages\/2023\/revisions"}],"predecessor-version":[{"id":2024,"href":"https:\/\/ancora.cat\/index.php?rest_route=\/wp\/v2\/pages\/2023\/revisions\/2024"}],"wp:attachment":[{"href":"https:\/\/ancora.cat\/index.php?rest_route=%2Fwp%2Fv2%2Fmedia&parent=2023"}],"curies":[{"name":"wp","href":"https:\/\/api.w.org\/{rel}","templated":true}]}}